{"id":13188,"date":"2015-11-19T12:05:47","date_gmt":"2015-11-19T10:05:47","guid":{"rendered":"http:\/\/vilavalca.sk\/en\/third-2\/"},"modified":"2017-01-13T11:39:41","modified_gmt":"2017-01-13T09:39:41","slug":"third-2","status":"publish","type":"page","link":"https:\/\/vilavalca.sk\/en\/","title":{"rendered":"Home page"},"content":{"rendered":"<div  class=\"vc-row-wrapper vc_row-fluid full_width_content\" data-parallax_sense=\"30\" data-dfd-dots-title=\"\" ><div class=\"row\" >\n\t<div class=\"twelve columns\" data-parallax_sense=\"30\">\n\t\t<div class=\"wpb_wrapper\">\n\t\t\t<div class=\"dfd-side-by-side-slider \"><div class=\"ms-left \"><div class=\"ms-section bg-right-center vc_custom_1447930119051\"><\/div><div class=\"ms-section bg-right-center vc_custom_1447932048317\"><div class=\"ult-spacer spacer-69eccf5b18dcd\" data-id=\"69eccf5b18dcd\" data-height=\"10\" data-height-mobile=\"150\" data-height-tab=\"\" style=\"clear:both;display:block;\"><\/div><div class=\"vc-row-wrapper vc_inner vc_row-fluid\"><div class=\"row\"><div class=\"columns twelve\"><div class=\"wpb_wrapper\"><div id=\"ultimate-heading69eccf5b192c1\" class=\"uvc-heading dfd-delim-bottom   heading-config-top dfd-disable-resposive-headings\"  data-hspacer=\"line_only\"  data-halign=\"left\" style=\"text-align:left\"><h5 class=\"widget-title uvc-main-heading\" style=\"font-style:normal;font-weight:600;font-size:65px;color:#ffffff;line-height:70px;\">Location<\/h5><div class=\"uvc-heading-spacer line_only\" style=\"margin-top:25px;height:10px;\"><span class=\"uvc-headings-line\" style=\"border-style:solid;border-bottom-width:10px;border-color:#e4be62;width:230px;\"><\/span><\/div><\/div><div class=\"ult-spacer spacer-69eccf5b192e4\" data-id=\"69eccf5b192e4\" data-height=\"20\" data-height-mobile=\"15\" data-height-tab=\"20\" style=\"clear:both;display:block;\"><\/div>\n\t<div class=\"wpb_text_column wpb_content_element \" >\n\t\t<div class=\"wpb_wrapper\">\n\t\t\t<p>The recreational estate Vila Val\u010da is situated in the gorgeous Turiec valley, part of Mala Fatra mountain range, just 7 km from the nearby city of Martin, \u017dilina region. Several known ski resorts can be found in the vicinity: Winter Park Martinky, Jasensk\u00e1 dolina (12 km) and the nearby family resort favorite &#8211; Snowland Val\u010dianska dolina &#8211; a 5 minute drive from Vila Val\u010da. In the wider area you can also check out a variety of spa resorts, e.g. Gino Paradise Be\u0161e\u0148ov\u00e1, Spa &amp; Aquapark Tur\u010dianske Teplice and Aquapark Tatralandia. The lodgings provide an all-year opportunity for recreation, sports and other past time activities.<\/p>\n\n\t\t<\/div> \n\t<\/div> <div class=\"ult-spacer spacer-69eccf5b19578\" data-id=\"69eccf5b19578\" data-height=\"20\" data-height-mobile=\"15\" data-height-tab=\"20\" style=\"clear:both;display:block;\"><\/div><a class=\"ubtn-link ubtn-left tooltip-69eccf5b1958e\"  href = \"http:\/\/vilavalca.sk\/en\/activities\/\" target=\"_self\"><span class=\" ubtn ubtn-large ubtn-no-hover-bg    ubtn-left  \"  data-hover=\"#ffffff\" data-border-color=\"\" data-hover-bg=\"\" data-border-hover=\"\" data-shadow-hover=\"\" data-shadow-click=\"none\" data-shadow=\"\" data-shd-shadow=\"\" style=\"font-size:14px;border:none;background: #e4be62;color: #28262b;\"><span class=\"ubtn-hover\"><\/span><span class=\"ubtn-data ubtn-text\" data-lang=\"en\">Activities<\/span><\/span><\/a><\/div><\/div><\/div><\/div><\/div><div class=\"ms-section bg-right-center xxx vc_custom_1449666771836\"><\/div><div class=\"ms-section bg-right-center vc_custom_1447942224288\"><div class=\"ult-spacer spacer-69eccf5b19670\" data-id=\"69eccf5b19670\" data-height=\"10\" data-height-mobile=\"150\" data-height-tab=\"\" style=\"clear:both;display:block;\"><\/div><div class=\"vc-row-wrapper vc_inner vc_row-fluid\"><div class=\"row\"><div class=\"columns twelve\"><div class=\"wpb_wrapper\"><div id=\"ultimate-heading69eccf5b19766\" class=\"uvc-heading dfd-delim-bottom   heading-config-top dfd-disable-resposive-headings\"  data-hspacer=\"line_only\"  data-halign=\"center\" style=\"text-align:center\"><h5 class=\"widget-title uvc-main-heading\" style=\"font-style:normal;font-weight:600;font-size:65px;color:#ffffff;line-height:70px;\">PRICELIST<\/h5><div class=\"uvc-heading-spacer line_only\" style=\"margin-top:25px;height:10px;\"><span class=\"uvc-headings-line\" style=\"border-style:solid;border-bottom-width:10px;border-color:#e4be62;width:230px;\"><\/span><\/div><\/div><div class=\"ult-spacer spacer-69eccf5b1977f\" data-id=\"69eccf5b1977f\" data-height=\"20\" data-height-mobile=\"15\" data-height-tab=\"20\" style=\"clear:both;display:block;\"><\/div>\n\t<div class=\"wpb_text_column wpb_content_element \" >\n\t\t<div class=\"wpb_wrapper\">\n\t\t\t<p style=\"text-align: center;\">Prices are from 35\u20ac &#8211; 50\u20ac per person per night. Prices range depending on lenght of stay and season.<br \/>\nWe are offering discount by full occupancy of 9 people in villa. All guests are getting 5\u20ac discount for every night during the whole stay.<\/p>\n<p style=\"text-align: center;\">Children between 2-5 years old pay just 25 eur per night.<\/p>\n\n\t\t<\/div> \n\t<\/div> <div class=\"ult-spacer spacer-69eccf5b197e5\" data-id=\"69eccf5b197e5\" data-height=\"20\" data-height-mobile=\"15\" data-height-tab=\"20\" style=\"clear:both;display:block;\"><\/div><div class=\"ubtn-ctn-center\"><a class=\"ubtn-link ubtn-center tooltip-69eccf5b197f7\"  href = \"http:\/\/vilavalca.sk\/wp-content\/uploads\/2015\/12\/vilavalca-cennik-en.pdf\" target=' _blank'><span class=\" ubtn ubtn-large ubtn-no-hover-bg    ubtn-center  \"  data-hover=\"#ffffff\" data-border-color=\"\" data-hover-bg=\"\" data-border-hover=\"\" data-shadow-hover=\"\" data-shadow-click=\"none\" data-shadow=\"\" data-shd-shadow=\"\" style=\"font-size:14px;border:none;background: #e4be62;color: #28262b;\"><span class=\"ubtn-hover\"><\/span><span class=\"ubtn-data ubtn-text\" data-lang=\"en\">Pricelist<\/span><\/span><\/a><\/div><\/div><\/div><\/div><\/div><\/div><div class=\"ms-section bg-right-center vc_custom_1449666825430\"><\/div><\/div><div class=\"ms-right \"><div class=\"ms-section bg-left-center vc_custom_1447931433555\"><div class=\"ult-spacer spacer-69eccf5b19a68\" data-id=\"69eccf5b19a68\" data-height=\"10\" data-height-mobile=\"150\" data-height-tab=\"\" style=\"clear:both;display:block;\"><\/div><div class=\"vc-row-wrapper vc_inner vc_row-fluid\"><div class=\"row\"><div class=\"columns twelve\"><div class=\"wpb_wrapper\"><div id=\"ultimate-heading69eccf5b19bc3\" class=\"uvc-heading dfd-delim-bottom   heading-config-top dfd-disable-resposive-headings\"  data-hspacer=\"line_only\"  data-halign=\"left\" style=\"text-align:left\"><h5 class=\"widget-title uvc-main-heading\" style=\"font-style:normal;font-weight:600;font-size:65px;color:#ffffff;line-height:70px;\">Vila<br \/>\nVal\u010da<\/h5><div class=\"uvc-heading-spacer line_only\" style=\"margin-top:25px;height:10px;\"><span class=\"uvc-headings-line\" style=\"border-style:solid;border-bottom-width:10px;border-color:#e4be62;width:230px;\"><\/span><\/div><\/div><div class=\"ult-spacer spacer-69eccf5b19bdf\" data-id=\"69eccf5b19bdf\" data-height=\"20\" data-height-mobile=\"15\" data-height-tab=\"20\" style=\"clear:both;display:block;\"><\/div>\n\t<div class=\"wpb_text_column wpb_content_element \" >\n\t\t<div class=\"wpb_wrapper\">\n\t\t\t<p>The comfortable and refurbished interior of Villa Val\u010da takes up 750 m2, whereas outside, the estate provides 2000 m2 of beautiful forest covered surroundings, ideal for family recreation and groups of friends limited to 9 people.<\/p>\n<p>The house has a fully equipped kitchen with a large dining table and a bar combined with a capacious living room including 50&#8221; Plasma Smart Full HD TV, Dolby Surround 5.1 set, Skylink Satellite, Wi-Fi, French brick fireplace and leather sofa set. The house has 3 bedrooms (3&#215;3), each with its own bathroom, Full HD TV, Wi-Fi, desk and couch.<\/p>\n<p>The estate has a separate wellness section comprising a 12m indoor pool, 6 person Jacuzzi, Finnish sauna for 6, cooling shower and a relaxation zone with deckchairs.<br \/>\nThe buildings are centrally heated by gas condensing boiler.<\/p>\n<p>A wooden gazebo for lounging and barbecuing is also available, if you like to indulge in sport activities, just hop into the pool, step on the tennis and basketball courts table or improve your ping-pong game at the table.<\/p>\n\n\t\t<\/div> \n\t<\/div> <\/div><\/div><\/div><\/div><\/div><div class=\"ms-section bg-left-center vc_custom_1447930763338\"><\/div><div class=\"ms-section bg-left-center vc_custom_1447940101623\"><div class=\"ult-spacer spacer-69eccf5b19cf2\" data-id=\"69eccf5b19cf2\" data-height=\"10\" data-height-mobile=\"150\" data-height-tab=\"\" style=\"clear:both;display:block;\"><\/div><div class=\"vc-row-wrapper vc_inner vc_row-fluid\"><div class=\"row\"><div class=\"columns twelve\"><div class=\"wpb_wrapper\"><div id=\"ultimate-heading69eccf5b19dcb\" class=\"uvc-heading dfd-delim-bottom   heading-config-top dfd-disable-resposive-headings\"  data-hspacer=\"line_only\"  data-halign=\"left\" style=\"text-align:left\"><h5 class=\"widget-title uvc-main-heading\" style=\"font-style:normal;font-weight:300;font-size:24px;color:#ffffff;line-height:42px;\">FACILITIES<\/h5><div class=\"uvc-heading-spacer line_only\" style=\"height:5px;\"><span class=\"uvc-headings-line\" style=\"border-style:solid;border-bottom-width:5px;border-color:#e4be62;width:80px;\"><\/span><\/div><\/div><div class=\"ult-spacer spacer-69eccf5b19de3\" data-id=\"69eccf5b19de3\" data-height=\"20\" data-height-mobile=\"15\" data-height-tab=\"20\" style=\"clear:both;display:block;\"><\/div>\n\t<div class=\"wpb_text_column wpb_content_element \" >\n\t\t<div class=\"wpb_wrapper\">\n\t\t\t<p>non-smoker property, free wifi, free parking for guests, wooden gazebo for lounging and barbecuing, barbecue grill, fireplace, wellness section, children playground, tennis court, ping-pong table, basketball court, soccer field, room for skis and snow-shoes.<\/p>\n\n\t\t<\/div> \n\t<\/div> <div class=\"ult-spacer spacer-69eccf5b19e37\" data-id=\"69eccf5b19e37\" data-height=\"20\" data-height-mobile=\"15\" data-height-tab=\"20\" style=\"clear:both;display:block;\"><\/div><div id=\"ultimate-heading69eccf5b19e56\" class=\"uvc-heading dfd-delim-bottom   heading-config-top dfd-disable-resposive-headings\"  data-hspacer=\"line_only\"  data-halign=\"left\" style=\"text-align:left\"><h5 class=\"widget-title uvc-main-heading\" style=\"font-style:normal;font-weight:300;font-size:24px;color:#ffffff;line-height:42px;\">Catering<\/h5><div class=\"uvc-heading-spacer line_only\" style=\"height:5px;\"><span class=\"uvc-headings-line\" style=\"border-style:solid;border-bottom-width:5px;border-color:#e4be62;width:80px;\"><\/span><\/div><\/div><div class=\"ult-spacer spacer-69eccf5b19e68\" data-id=\"69eccf5b19e68\" data-height=\"20\" data-height-mobile=\"15\" data-height-tab=\"20\" style=\"clear:both;display:block;\"><\/div>\n\t<div class=\"wpb_text_column wpb_content_element \" >\n\t\t<div class=\"wpb_wrapper\">\n\t\t\t<p>Fully furnished kitchen is available for our guests 24 hours a day. The nearest supermarket is about 2minutes by walk. Get to know the local cuisine at the neighboring pub Pohostinstvo Hr\u00e1dok.<\/p>\n\n\t\t<\/div> \n\t<\/div> <div class=\"ult-spacer spacer-69eccf5b19eaf\" data-id=\"69eccf5b19eaf\" data-height=\"20\" data-height-mobile=\"15\" data-height-tab=\"20\" style=\"clear:both;display:block;\"><\/div><div id=\"ultimate-heading69eccf5b19ecb\" class=\"uvc-heading dfd-delim-bottom   heading-config-top dfd-disable-resposive-headings\"  data-hspacer=\"line_only\"  data-halign=\"left\" style=\"text-align:left\"><h5 class=\"widget-title uvc-main-heading\" style=\"font-style:normal;font-weight:300;font-size:24px;color:#ffffff;line-height:42px;\">Kitchen<\/h5><div class=\"uvc-heading-spacer line_only\" style=\"height:5px;\"><span class=\"uvc-headings-line\" style=\"border-style:solid;border-bottom-width:5px;border-color:#e4be62;width:80px;\"><\/span><\/div><\/div><div class=\"ult-spacer spacer-69eccf5b19edc\" data-id=\"69eccf5b19edc\" data-height=\"20\" data-height-mobile=\"15\" data-height-tab=\"20\" style=\"clear:both;display:block;\"><\/div>\n\t<div class=\"wpb_text_column wpb_content_element \" >\n\t\t<div class=\"wpb_wrapper\">\n\t\t\t<p>Kitchen for guests contains: grill, electric oven, microwave, refrigerator, freezer, kettle, toaster and waffle machine<\/p>\n\n\t\t<\/div> \n\t<\/div> <div class=\"ult-spacer spacer-69eccf5b19f1f\" data-id=\"69eccf5b19f1f\" data-height=\"20\" data-height-mobile=\"15\" data-height-tab=\"20\" style=\"clear:both;display:block;\"><\/div><div id=\"ultimate-heading69eccf5b19f3a\" class=\"uvc-heading dfd-delim-bottom   heading-config-top dfd-disable-resposive-headings\"  data-hspacer=\"line_only\"  data-halign=\"left\" style=\"text-align:left\"><h5 class=\"widget-title uvc-main-heading\" style=\"font-style:normal;font-weight:300;font-size:24px;color:#ffffff;line-height:42px;\">Bathrooms and toilets <\/h5><div class=\"uvc-heading-spacer line_only\" style=\"height:5px;\"><span class=\"uvc-headings-line\" style=\"border-style:solid;border-bottom-width:5px;border-color:#e4be62;width:80px;\"><\/span><\/div><\/div><div class=\"ult-spacer spacer-69eccf5b19f49\" data-id=\"69eccf5b19f49\" data-height=\"20\" data-height-mobile=\"15\" data-height-tab=\"20\" style=\"clear:both;display:block;\"><\/div>\n\t<div class=\"wpb_text_column wpb_content_element \" >\n\t\t<div class=\"wpb_wrapper\">\n\t\t\t<p>Each room in Vila Val\u010da has its own bathroom with sink, shower, toilet, towels, sheets, soap and shower gel.<\/p>\n\n\t\t<\/div> \n\t<\/div> <div class=\"ult-spacer spacer-69eccf5b19f8a\" data-id=\"69eccf5b19f8a\" data-height=\"20\" data-height-mobile=\"15\" data-height-tab=\"20\" style=\"clear:both;display:block;\"><\/div><div id=\"ultimate-heading69eccf5b19fa5\" class=\"uvc-heading dfd-delim-bottom   heading-config-top dfd-disable-resposive-headings\"  data-hspacer=\"line_only\"  data-halign=\"left\" style=\"text-align:left\"><h5 class=\"widget-title uvc-main-heading\" style=\"font-style:normal;font-weight:300;font-size:24px;color:#ffffff;line-height:42px;\">WELLNESS<\/h5><div class=\"uvc-heading-spacer line_only\" style=\"height:5px;\"><span class=\"uvc-headings-line\" style=\"border-style:solid;border-bottom-width:5px;border-color:#e4be62;width:80px;\"><\/span><\/div><\/div><div class=\"ult-spacer spacer-69eccf5b19fb3\" data-id=\"69eccf5b19fb3\" data-height=\"20\" data-height-mobile=\"15\" data-height-tab=\"20\" style=\"clear:both;display:block;\"><\/div>\n\t<div class=\"wpb_text_column wpb_content_element \" >\n\t\t<div class=\"wpb_wrapper\">\n\t\t\t<p>Wellness section includes 12m indoor pool, 6 person Jacuzzi, Finnish sauna for 6, cooling shower and a relaxation zone with deckchairs. Opening hours\u00a07 &#8211; 23.<\/p>\n\n\t\t<\/div> \n\t<\/div> <div class=\"ult-spacer spacer-69eccf5b19ff3\" data-id=\"69eccf5b19ff3\" data-height=\"20\" data-height-mobile=\"15\" data-height-tab=\"20\" style=\"clear:both;display:block;\"><\/div><div id=\"ultimate-heading69eccf5b1a00a\" class=\"uvc-heading dfd-delim-top   heading-config-top dfd-disable-resposive-headings\"  data-hspacer=\"no_spacer\"  data-halign=\"left\" style=\"text-align:left\"><div class=\"uvc-heading-spacer no_spacer\" style=\"\"><\/div><h5 class=\"widget-title uvc-main-heading\" style=\"font-style:normal;font-weight:300;font-size:24px;color:#ffffff;line-height:42px;\">SMALL HOUSEHOLD PETS ARE AVAILABLE<\/h5><\/div><div class=\"ult-spacer spacer-69eccf5b1a01a\" data-id=\"69eccf5b1a01a\" data-height=\"20\" data-height-mobile=\"15\" data-height-tab=\"20\" style=\"clear:both;display:block;\"><\/div><\/div><\/div><\/div><\/div><\/div><div class=\"ms-section bg-left-center vc_custom_1447930926772\"><\/div><div class=\"ms-section bg-left-center vc_custom_1449666708386\"><div class=\"ult-spacer spacer-69eccf5b1a0f6\" data-id=\"69eccf5b1a0f6\" data-height=\"10\" data-height-mobile=\"150\" data-height-tab=\"\" style=\"clear:both;display:block;\"><\/div><div class=\"vc-row-wrapper vc_inner vc_row-fluid\"><div class=\"row\"><div class=\"columns twelve\"><div class=\"wpb_wrapper\"><div id=\"ultimate-heading69eccf5b1a240\" class=\"uvc-heading dfd-delim-bottom   heading-config-top dfd-disable-resposive-headings\"  data-hspacer=\"line_only\"  data-halign=\"left\" style=\"text-align:left\"><h5 class=\"widget-title uvc-main-heading\" style=\"font-style:normal;font-weight:600;font-size:65px;color:#ffffff;line-height:70px;\">Contact<\/h5><div class=\"uvc-heading-spacer line_only\" style=\"margin-top:25px;height:10px;\"><span class=\"uvc-headings-line\" style=\"border-style:solid;border-bottom-width:10px;border-color:#e4be62;width:230px;\"><\/span><\/div><\/div><div class=\"ult-spacer spacer-69eccf5b1a258\" data-id=\"69eccf5b1a258\" data-height=\"20\" data-height-mobile=\"15\" data-height-tab=\"20\" style=\"clear:both;display:block;\"><\/div>\n\t<div class=\"wpb_text_column wpb_content_element \" >\n\t\t<div class=\"wpb_wrapper\">\n\t\t\t<p>Val\u010da 174, 038 05 Val\u010da, okres Martin, SR<br \/>\nContact person: PETER MURIN<br \/>\nTel.: <a href=\"tel:+421 917 930 100\">+421 917 930\u00a0100<\/a><br \/>\nTel.: <a href=\"tel:+421 905 200 477\">+421 905 200 477<\/a><br \/>\nMail: <a href=\"mailto:info@vilavalca.sk\">info@vilavalca.sk<\/a><\/p>\n\n\t\t<\/div> \n\t<\/div> <div class=\"ult-spacer spacer-69eccf5b1a2bc\" data-id=\"69eccf5b1a2bc\" data-height=\"20\" data-height-mobile=\"15\" data-height-tab=\"20\" style=\"clear:both;display:block;\"><\/div><div role=\"form\" class=\"wpcf7\" id=\"wpcf7-f13196-o1\" lang=\"sk-SK\" dir=\"ltr\">\n<div class=\"screen-reader-response\"><p role=\"status\" aria-live=\"polite\" aria-atomic=\"true\"><\/p> <ul><\/ul><\/div>\n<form action=\"\/en\/wp-json\/wp\/v2\/pages\/13188#wpcf7-f13196-o1\" method=\"post\" class=\"wpcf7-form init\" novalidate=\"novalidate\" data-status=\"init\">\n<div style=\"display: none;\">\n<input type=\"hidden\" name=\"_wpcf7\" value=\"13196\" \/>\n<input type=\"hidden\" name=\"_wpcf7_version\" value=\"5.5.6.1\" \/>\n<input type=\"hidden\" name=\"_wpcf7_locale\" value=\"sk_SK\" \/>\n<input type=\"hidden\" name=\"_wpcf7_unit_tag\" value=\"wpcf7-f13196-o1\" \/>\n<input type=\"hidden\" name=\"_wpcf7_container_post\" value=\"0\" \/>\n<input type=\"hidden\" name=\"_wpcf7_posted_data_hash\" value=\"\" \/>\n<\/div>\n<p>Email (required)<br \/>\n    <span class=\"wpcf7-form-control-wrap your-email\"><input type=\"email\" name=\"your-email\" value=\"\" size=\"40\" class=\"wpcf7-form-control wpcf7-text wpcf7-email wpcf7-validates-as-required wpcf7-validates-as-email\" aria-required=\"true\" aria-invalid=\"false\" \/><\/span> <\/p>\n<p>Tel<br \/>\n    <span class=\"wpcf7-form-control-wrap your-tel\"><input type=\"text\" name=\"your-tel\" value=\"\" size=\"40\" class=\"wpcf7-form-control wpcf7-text\" aria-invalid=\"false\" \/><\/span> <\/p>\n<p>Message<br \/>\n    <span class=\"wpcf7-form-control-wrap your-message\"><textarea name=\"your-message\" cols=\"40\" rows=\"10\" class=\"wpcf7-form-control wpcf7-textarea\" aria-invalid=\"false\"><\/textarea><\/span> <\/p>\n<p><input type=\"submit\" value=\"Send\" class=\"wpcf7-form-control has-spinner wpcf7-submit\" \/><\/p>\n<div class=\"wpcf7-response-output\" aria-hidden=\"true\"><\/div><\/form><\/div><\/div><\/div><\/div><\/div><\/div><\/div><\/div>\n\t\t<\/div> \n\t<\/div> \n<\/div><\/div><!-- Row Backgrounds {} --><div class=\"upb_no_bg\" data-fadeout=\"\" data-fadeout-percentage=\"30\" data-parallax-content=\"\" data-parallax-content-sense=\"30\" data-row-effect-mobile-disable=\"true\" data-img-parallax-mobile-disable=\"true\" data-rtl=\"false\"   ><\/div>\n","protected":false},"excerpt":{"rendered":"Location The recreational estate Vila Val\u010da is situated in the gorgeous Turiec valley, part of Mala Fatra mountain range, just 7 km from the nearby city of Martin, \u017dilina region.","protected":false},"author":1,"featured_media":0,"parent":0,"menu_order":0,"comment_status":"open","ping_status":"open","template":"page-custom.php","meta":[],"acf":[],"_links":{"self":[{"href":"https:\/\/vilavalca.sk\/en\/wp-json\/wp\/v2\/pages\/13188"}],"collection":[{"href":"https:\/\/vilavalca.sk\/en\/wp-json\/wp\/v2\/pages"}],"about":[{"href":"https:\/\/vilavalca.sk\/en\/wp-json\/wp\/v2\/types\/page"}],"author":[{"embeddable":true,"href":"https:\/\/vilavalca.sk\/en\/wp-json\/wp\/v2\/users\/1"}],"replies":[{"embeddable":true,"href":"https:\/\/vilavalca.sk\/en\/wp-json\/wp\/v2\/comments?post=13188"}],"version-history":[{"count":16,"href":"https:\/\/vilavalca.sk\/en\/wp-json\/wp\/v2\/pages\/13188\/revisions"}],"predecessor-version":[{"id":13248,"href":"https:\/\/vilavalca.sk\/en\/wp-json\/wp\/v2\/pages\/13188\/revisions\/13248"}],"wp:attachment":[{"href":"https:\/\/vilavalca.sk\/en\/wp-json\/wp\/v2\/media?parent=13188"}],"curies":[{"name":"wp","href":"https:\/\/api.w.org\/{rel}","templated":true}]}}