{"id":13191,"date":"2015-11-20T15:34:31","date_gmt":"2015-11-20T13:34:31","guid":{"rendered":"http:\/\/vilavalca.sk\/en\/aktivity-v-okoli\/"},"modified":"2015-12-14T14:43:41","modified_gmt":"2015-12-14T12:43:41","slug":"activities","status":"publish","type":"page","link":"https:\/\/vilavalca.sk\/en\/activities\/","title":{"rendered":"Activities"},"content":{"rendered":"<div  class=\"vc-row-wrapper vc_row-fluid\" data-parallax_sense=\"30\" data-dfd-dots-title=\"\" ><div class=\"row\" >\n\t<div class=\"six columns\" data-parallax_sense=\"30\">\n\t\t<div class=\"wpb_wrapper\">\n\t\t\t<div id=\"ultimate-heading69ece8d7d9d4b\" class=\"uvc-heading dfd-delim-top   heading-config-top dfd-disable-resposive-headings\"  data-hspacer=\"no_spacer\"  data-halign=\"center\" style=\"text-align:center\"><div class=\"uvc-heading-spacer no_spacer\" style=\"\"><\/div><h2 class=\"widget-title\">Turiec riegion<\/h2><\/div>\n\t<div class=\"wpb_text_column wpb_content_element \" >\n\t\t<div class=\"wpb_wrapper\">\n\t\t\t<p>Also known as the Turiec Garden, located in the central and the northwestern part of Slovakia and named after the river flowing through it. Comprising an area of 1125 km2 and over 105,000 inhabitants, the region consists of 69 small and 3 larger towns &#8211; Martin, Tur\u010dianske Teplice and Vr\u00fatky. The Turiec valley is surrounded by four mountain ranges: Mal\u00e1 Fatra, Ve\u013ek\u00e1 Fatra, Kremnick\u00e9 Vrchy and \u017diar. The valley is a part of \u017dilina region and is shared between the Martin and the Tur\u010dianske Teplice town districts. Some of the Turiec castles and monuments visitors can visit: Blatnica Castle, Sklabinsk\u00fd Castle, Zniev Castle, Mo\u0161ovce Castle, Premon\u0161tr\u00e1t monastery in Kl\u00e1\u0161tor pod Znievom, the English park and manor in Tru\u010diansk\u00e1 \u0160tiavni\u010dka. Natural beauties are represented by the \u0160\u00fatovsk\u00fd waterfall (the tallest in Mal\u00e1 Fatra) and the Ties\u0148ava Gorge. Turiec is also known for its springs rich in minerals with Budi\u0161 and Fatra being the most famous.<\/p>\n\n\t\t<\/div> \n\t<\/div> <div id=\"ultimate-heading69ece8d7d9e3e\" class=\"uvc-heading dfd-delim-top   heading-config-top dfd-disable-resposive-headings\"  data-hspacer=\"no_spacer\"  data-halign=\"center\" style=\"text-align:center\"><div class=\"uvc-heading-spacer no_spacer\" style=\"\"><\/div><h2 class=\"widget-title\">Martin<\/h2><\/div>\n\t<div class=\"wpb_text_column wpb_content_element \" >\n\t\t<div class=\"wpb_wrapper\">\n\t\t\t<p>Martin is a district town located in the north of Turiec. Its first written reference dates back to 1284. In 1994 Martin was declared a national cultural center. Since 1963 several cultural and national centers have been situated there. Martin is the seat of the Slovak National Museum, National Library, National Cemetery and The Slovak Folk Museum. <\/p>\n\n\t\t<\/div> \n\t<\/div> <div id=\"ultimate-heading69ece8d7d9ea6\" class=\"uvc-heading dfd-delim-top   heading-config-top dfd-disable-resposive-headings\"  data-hspacer=\"no_spacer\"  data-halign=\"center\" style=\"text-align:center\"><div class=\"uvc-heading-spacer no_spacer\" style=\"\"><\/div><h2 class=\"widget-title\">Val\u010dianska dolina<\/h2><\/div>\n\t<div class=\"wpb_text_column wpb_content_element \" >\n\t\t<div class=\"wpb_wrapper\">\n\t\t\t<p>The valley at the foot of Lu\u010dansk\u00e1 Mal\u00e1 Fatra, about 3 km from Vila Val\u010da, is the sports-and-recreation capital. Its Snowland (www.snowland.sk) resort is focused on active year-round recreation. The Ski resort was built in 2001 offering a wide range of activities: skiing, snowboarding, hiking, biking, inline skating, fishing, golf, football, tennis, volleyball, paintball, and others.<\/p>\n\n\t\t<\/div> \n\t<\/div> \n\t\t<\/div> \n\t<\/div> \n\n\t<div class=\"six columns\" data-parallax_sense=\"30\">\n\t\t<div class=\"wpb_wrapper\">\n\t\t\t<div id=\"ultimate-heading69ece8d7d9f75\" class=\"uvc-heading dfd-delim-top   heading-config-top dfd-disable-resposive-headings\"  data-hspacer=\"no_spacer\"  data-halign=\"center\" style=\"text-align:center\"><div class=\"uvc-heading-spacer no_spacer\" style=\"\"><\/div><h2 class=\"widget-title\">Tur\u010dianske Teplice<\/h2><\/div>\n\t<div class=\"wpb_text_column wpb_content_element \" >\n\t\t<div class=\"wpb_wrapper\">\n\t\t\t<p>A town well known for its spas that are among\u00a0the oldest and most visited in Europe, situated at 518 meters above sea level, at the foot of Ve\u013ek\u00e1 Fatra. It is said that these South Turiec spas are located in the exact &#8220;heart of Slovakia.&#8221; The procedures mainly consist of hydrotherapy and drink cures using sulphur-hydrocarbonate-calcium mineral water. The spa has become famous for treating musculoskeletal disorders not only for adults but also children.<\/p>\n\n\t\t<\/div> \n\t<\/div> <div id=\"ultimate-heading69ece8d7d9fd6\" class=\"uvc-heading dfd-delim-top   heading-config-top dfd-disable-resposive-headings\"  data-hspacer=\"no_spacer\"  data-halign=\"center\" style=\"text-align:center\"><div class=\"uvc-heading-spacer no_spacer\" style=\"\"><\/div><h2 class=\"widget-title\">Vlkol\u00ednec<\/h2><\/div>\n\t<div class=\"wpb_text_column wpb_content_element \" >\n\t\t<div class=\"wpb_wrapper\">\n\t\t\t<p>Vlkol\u00ednec, a folk museum and an actual village, has become a historic reservation of folk architecture in 1977 with the goal of permanently preserving the cultural values of the site and maintaining it as an intact residential unit that in terms of homogeneity is second to none in the Central European region. Its inscription in the UNESCO World Heritage List (registration approved December 11, 1993 in Cartagena, Colombia), proves that preserving universal values of natural or cultural sites is beneficial to all mankind.<\/p>\n\n\t\t<\/div> \n\t<\/div> <div id=\"ultimate-heading69ece8d7da038\" class=\"uvc-heading dfd-delim-top   heading-config-top dfd-disable-resposive-headings\"  data-hspacer=\"no_spacer\"  data-halign=\"center\" style=\"text-align:center\"><div class=\"uvc-heading-spacer no_spacer\" style=\"\"><\/div><h2 class=\"widget-title\">Gadersk\u00e1 dolina<\/h2><\/div>\n\t<div class=\"wpb_text_column wpb_content_element \" >\n\t\t<div class=\"wpb_wrapper\">\n\t\t\t<p>The 18 km long and easily accessible valley is located in the western part of Ve\u013ek\u00e1 Fatra and is one of the jewels of Slovak nature. Visitors appreciate the relatively small area containing a lot of rare natural formations and beautiful landscapes like The Gader caves and the very rich flora. The valley\u2019s dense forests are rich in game. Deer, boars, chamois, bears and birds of prey including eagles can be found here. A crystal clear stream flows through the whole valley and the gateway to the valley is the village Blatnica, 15 km south of Martin and 13 km north of the spa Tur\u010dianske Teplice.<\/p>\n\n\t\t<\/div> \n\t<\/div> \n\t\t<\/div> \n\t<\/div> \n<\/div><\/div><!-- Row Backgrounds {} --><div class=\"upb_no_bg\" data-fadeout=\"\" data-fadeout-percentage=\"30\" data-parallax-content=\"\" data-parallax-content-sense=\"30\" data-row-effect-mobile-disable=\"true\" data-img-parallax-mobile-disable=\"true\" data-rtl=\"false\"   ><\/div>\n","protected":false},"excerpt":{"rendered":"Turiec riegion Also known as the Turiec Garden, located in the central and the northwestern part of Slovakia and named after the river flowing through it. Comprising an area of","protected":false},"author":1,"featured_media":0,"parent":0,"menu_order":0,"comment_status":"closed","ping_status":"closed","template":"","meta":[],"acf":[],"_links":{"self":[{"href":"https:\/\/vilavalca.sk\/en\/wp-json\/wp\/v2\/pages\/13191"}],"collection":[{"href":"https:\/\/vilavalca.sk\/en\/wp-json\/wp\/v2\/pages"}],"about":[{"href":"https:\/\/vilavalca.sk\/en\/wp-json\/wp\/v2\/types\/page"}],"author":[{"embeddable":true,"href":"https:\/\/vilavalca.sk\/en\/wp-json\/wp\/v2\/users\/1"}],"replies":[{"embeddable":true,"href":"https:\/\/vilavalca.sk\/en\/wp-json\/wp\/v2\/comments?post=13191"}],"version-history":[{"count":3,"href":"https:\/\/vilavalca.sk\/en\/wp-json\/wp\/v2\/pages\/13191\/revisions"}],"predecessor-version":[{"id":13195,"href":"https:\/\/vilavalca.sk\/en\/wp-json\/wp\/v2\/pages\/13191\/revisions\/13195"}],"wp:attachment":[{"href":"https:\/\/vilavalca.sk\/en\/wp-json\/wp\/v2\/media?parent=13191"}],"curies":[{"name":"wp","href":"https:\/\/api.w.org\/{rel}","templated":true}]}}